{"id":347,"date":"2026-03-17T06:49:00","date_gmt":"2026-03-17T06:49:00","guid":{"rendered":"https:\/\/shituo.themeforest.cn\/?page_id=347"},"modified":"2026-04-13T02:10:13","modified_gmt":"2026-04-13T02:10:13","slug":"industry-trends","status":"publish","type":"page","link":"https:\/\/shituo.themeforest.cn\/vi\/industry-trends\/","title":{"rendered":"industry trends"},"content":{"rendered":"<div data-elementor-type=\"wp-page\" data-elementor-id=\"347\" class=\"elementor elementor-347\" data-elementor-post-type=\"page\">\n\t\t\t\t<div class=\"elementor-element elementor-element-14224c8c e-flex e-con-boxed e-con e-parent\" data-id=\"14224c8c\" data-element_type=\"container\" data-e-type=\"container\" data-settings=\"{&quot;background_background&quot;:&quot;classic&quot;}\">\n\t\t\t\t\t<div class=\"e-con-inner\">\n\t\t\t\t\t<\/div>\n\t\t\t\t<\/div>\n\t\t<div class=\"elementor-element elementor-element-59c99b85 e-flex e-con-boxed e-con e-parent\" data-id=\"59c99b85\" data-element_type=\"container\" data-e-type=\"container\" data-settings=\"{&quot;background_background&quot;:&quot;classic&quot;}\">\n\t\t\t\t\t<div class=\"e-con-inner\">\n\t\t\t\t<div class=\"elementor-element elementor-element-253d00f5 elementor-widget elementor-widget-image\" data-id=\"253d00f5\" data-element_type=\"widget\" data-e-type=\"widget\" data-widget_type=\"image.default\">\n\t\t\t\t\t\t\t\t\t\t\t\t\t\t\t<img fetchpriority=\"high\" decoding=\"async\" width=\"800\" height=\"533\" src=\"https:\/\/shituo.themeforest.cn\/wp-content\/uploads\/2026\/03\/VCG41N2234670308.jpg\" class=\"attachment-full size-full wp-image-361\" alt=\"\" srcset=\"https:\/\/shituo.themeforest.cn\/wp-content\/uploads\/2026\/03\/VCG41N2234670308.jpg 800w, https:\/\/shituo.themeforest.cn\/wp-content\/uploads\/2026\/03\/VCG41N2234670308-600x400.jpg 600w, https:\/\/shituo.themeforest.cn\/wp-content\/uploads\/2026\/03\/VCG41N2234670308-300x200.jpg 300w, https:\/\/shituo.themeforest.cn\/wp-content\/uploads\/2026\/03\/VCG41N2234670308-768x512.jpg 768w\" sizes=\"(max-width: 800px) 100vw, 800px\" \/>\t\t\t\t\t\t\t\t\t\t\t\t\t\t\t<\/div>\n\t\t<div class=\"elementor-element elementor-element-59f10ab5 e-con-full e-flex e-con e-child\" data-id=\"59f10ab5\" data-element_type=\"container\" data-e-type=\"container\" data-settings=\"{&quot;background_background&quot;:&quot;classic&quot;}\">\n\t\t\t\t<div class=\"elementor-element elementor-element-5d54f143 elementor-widget elementor-widget-heading\" data-id=\"5d54f143\" data-element_type=\"widget\" data-e-type=\"widget\" data-widget_type=\"heading.default\">\n\t\t\t\t\t<h2 class=\"elementor-heading-title elementor-size-default\">Gi\u1edbi thi\u1ec7u<\/h2>\t\t\t\t<\/div>\n\t\t\t\t<div class=\"elementor-element elementor-element-9999f8 elementor-widget elementor-widget-heading\" data-id=\"9999f8\" data-element_type=\"widget\" data-e-type=\"widget\" data-widget_type=\"heading.default\">\n\t\t\t\t\t<h2 class=\"elementor-heading-title elementor-size-default\">The \"Black Tech\" of Insulation, Breaking the Limits of Physical Performance<\/h2>\t\t\t\t<\/div>\n\t\t\t\t<div class=\"elementor-element elementor-element-52711951 elementor-widget elementor-widget-text-editor\" data-id=\"52711951\" data-element_type=\"widget\" data-e-type=\"widget\" data-widget_type=\"text-editor.default\">\n\t\t\t\t\t\t\t\t\t<p>Tr\u01b0\u1edbc nh\u1eefng th\u00e1ch th\u1ee9c kh\u00ed h\u1eadu kh\u1eafc nghi\u1ec7t c\u1ee7a n\u0103m 2026, c\u00e1c v\u1eadt li\u1ec7u c\u00e1ch nhi\u1ec7t truy\u1ec1n th\u1ed1ng \u0111ang ph\u1ea3i \u0111\u1ed1i m\u1eb7t v\u1edbi nh\u1eefng th\u1eed th\u00e1ch ch\u01b0a t\u1eebng c\u00f3. Tuy nhi\u00ean, m\u1ed9t lo\u1ea1i v\u1eadt li\u1ec7u c\u00f3 t\u00ean g\u1ecdi \u201cSolid Smoke\u201d \u2014 Nano-Aerogel \u2014 \u0111ang ho\u00e0n to\u00e0n thay \u0111\u1ed5i c\u00e1ch nh\u00ecn c\u1ee7a ch\u00fang ta v\u1ec1 \u201cc\u00e1ch nhi\u1ec7t\u201d nh\u1edd m\u1eadt \u0111\u1ed9 c\u1ef1c th\u1ea5p v\u00e0 kh\u1ea3 n\u0103ng c\u00e1ch nhi\u1ec7t v\u01b0\u1ee3t tr\u1ed9i. L\u00e0 nh\u00e0 s\u1ea3n xu\u1ea5t ti\u00ean phong v\u1ec1 c\u00f4ng ngh\u1ec7 v\u1edbi c\u00e1c d\u00e2y chuy\u1ec1n s\u1ea3n xu\u1ea5t hi\u1ec7n \u0111\u1ea1i, RSinsulationboard tr\u00e2n tr\u1ecdng m\u1eddi qu\u00fd v\u1ecb c\u00f9ng kh\u00e1m ph\u00e1 b\u00ed m\u1eadt \u0111\u1eb1ng sau c\u00f4ng ngh\u1ec7 \u201c\u0111en\u201d n\u00e0y.\u201d<\/p><p><strong><b>Aerogel l\u00e0 g\u00ec?<\/b><\/strong><\/p><p>Aerogel is the world&#8217;s least dense solid material, composed of 99.8% air within its structure.<\/p><p>Nanoporous Structure: Its pore size is significantly smaller than the mean free path of air molecules (approx. $70\\text{ nm}$). This means air molecules are virtually immobilized within the structure, effectively &#8220;locking down&#8221; the paths of heat conduction.<\/p><p>Ultra-low Thermal Conductivity: The Aerogel composite blankets produced by RSinsulationboard can achieve a thermal conductivity as low as $0.018\\text{ W\/(m\u00b7K)}$. In comparison, traditional Extruded Polystyrene (XPS) typically stays above $0.030\\text{ W\/(m\u00b7K)}$.<\/p><p><strong><b>T\u1ea1i sao \u0111\u00e2y l\u1ea1i l\u00e0 \u201cL\u1ef1a ch\u1ecdn c\u01a1 s\u1edf h\u1ea1 t\u1ea7ng\u201d c\u1ee7a n\u0103m 2026?<\/b><\/strong><\/p><p>In the era of Nearly Zero Energy Buildings (NZEB) and precision industrial sectors, Aerogel demonstrates irreplaceable advantages:<\/p><h4>Ultra-thin Advantage<\/h4><p>In building retrofitting projects, space is incredibly precious.<\/p><p>The Pain Point:<\/p><p>To achieve the same insulation effect, traditional materials require a thickness of $10\\text{&#8211;}15\\text{ cm}$.<\/p><h4>Gi\u1ea3i ph\u00e1p RS:<\/h4><h4>\u00a0Only $2\\text{&#8211;}3\\text{ cm}$ of Aerogel blanket is needed to achieve equivalent performance, significantly maximizing space utilization for both interiors and exteriors.<\/h4><h4>Extreme Climate Resilience<\/h4><p>Whether in the $50^\\circ\\text{C}$ heat of the Middle East or the freezing winters of Northern Europe, the molecular structure of Aerogel remains steadfastly stable.<\/p><h4>Applications: It is the optimal solution for LNG storage tanks, cryogenic logistics, and high-precision industrial pipe insulation.<\/h4><h4>Class A1 Non-combustibility &amp; Durability (Safety &amp; Longevity)<\/h4><p>Unlike organic insulation, Aerogel is an inorganic material.<\/p><p>Fire Safety: Perfectly complies with CE certification requirements for Class A1 non-combustibility.<\/p><p>Weather Resistance: Boasting a hydrophobicity rate of up to 99%, it will not fail due to moisture absorption in humid environments, ensuring a service life of over 25 years.<\/p><p><strong><b>RSinsulationboard: D\u1eabn \u0111\u1ea7u \u201cCu\u1ed9c c\u00e1ch m\u1ea1ng s\u1ea3n xu\u1ea5t h\u00e0ng lo\u1ea1t\u201d c\u1ee7a Aerogel<\/b><\/strong><\/p><p>Tr\u01b0\u1edbc \u0111\u00e2y, Aerogel kh\u00f3 \u0111\u01b0\u1ee3c ph\u1ed5 bi\u1ebfn r\u1ed9ng r\u00e3i do chi ph\u00ed cao, nh\u01b0ng RSinsulationboard \u0111ang thay \u0111\u1ed5i c\u1ee5c di\u1ec7n. C\u01a1 s\u1edf s\u1ea3n xu\u1ea5t c\u1ee7a ch\u00fang t\u00f4i \u00e1p d\u1ee5ng quy tr\u00ecnh s\u1ea5y si\u00eau t\u1edbi h\u1ea1n t\u1ef1 \u0111\u1ed9ng, gi\u00fap gi\u1ea3m \u0111\u00e1ng k\u1ec3 m\u1ee9c ti\u00eau th\u1ee5 n\u0103ng l\u01b0\u1ee3ng v\u00e0 chi ph\u00ed s\u1ea3n xu\u1ea5t.<\/p><p>T\u00edch h\u1ee3p h\u1ec7 th\u1ed1ng: Ch\u00fang t\u00f4i kh\u00f4ng ch\u1ec9 s\u1ea3n xu\u1ea5t t\u1ea5m ch\u0103n Aerogel m\u00e0 c\u00f2n t\u00edch h\u1ee3p ch\u00fang v\u00e0o H\u1ec7 th\u1ed1ng T\u1ea5m Composite T\u00edch h\u1ee3p c\u1ee7a m\u00ecnh, t\u1eeb \u0111\u00f3 ra m\u1eaft gi\u1ea3i ph\u00e1p t\u01b0\u1eddng ngo\u00e0i \u201cD\u00f2ng Si\u00eau m\u1ecfng\u201d d\u00e0nh cho c\u00e1c t\u00f2a nh\u00e0 bi\u1ec3u t\u01b0\u1ee3ng cao c\u1ea5p.<\/p><p><strong><b>C\u00e1c \u1ee9ng d\u1ee5ng trong t\u01b0\u01a1ng lai: Ngo\u00e0i l\u0129nh v\u1ef1c x\u00e2y d\u1ef1ng<\/b><\/strong><\/p><p>As the global decarbonization process accelerates, RSinsulationboard is exploring furthr possibilities for Aerogel:<\/p><p>EV Firewalls: Thermal insulation for battery packs.<\/p><p>Aerospace Equipment: Lightweight thermal protection for extreme environments.<\/p>\t\t\t\t\t\t\t\t<\/div>\n\t\t\t\t<div class=\"elementor-element elementor-element-1d1ce50 elementor-shape-rounded elementor-grid-0 e-grid-align-center elementor-widget elementor-widget-social-icons\" data-id=\"1d1ce50\" data-element_type=\"widget\" data-e-type=\"widget\" data-widget_type=\"social-icons.default\">\n\t\t\t\t\t\t\t<div class=\"elementor-social-icons-wrapper elementor-grid\" role=\"list\">\n\t\t\t\t\t\t\t<span class=\"elementor-grid-item\" role=\"listitem\">\n\t\t\t\t\t<a class=\"elementor-icon elementor-social-icon elementor-social-icon-facebook elementor-repeater-item-7a89f09\" target=\"_blank\">\n\t\t\t\t\t\t<span class=\"elementor-screen-only\">Facebook<\/span>\n\t\t\t\t\t\t<svg aria-hidden=\"true\" class=\"e-font-icon-svg e-fab-facebook\" viewbox=\"0 0 512 512\" xmlns=\"http:\/\/www.w3.org\/2000\/svg\"><path d=\"M504 256C504 119 393 8 256 8S8 119 8 256c0 123.78 90.69 226.38 209.25 245V327.69h-63V256h63v-54.64c0-62.15 37-96.48 93.67-96.48 27.14 0 55.52 4.84 55.52 4.84v61h-31.28c-30.8 0-40.41 19.12-40.41 38.73V256h68.78l-11 71.69h-57.78V501C413.31 482.38 504 379.78 504 256z\"><\/path><\/svg>\t\t\t\t\t<\/a>\n\t\t\t\t<\/span>\n\t\t\t\t\t\t\t<span class=\"elementor-grid-item\" role=\"listitem\">\n\t\t\t\t\t<a class=\"elementor-icon elementor-social-icon elementor-social-icon-twitter elementor-repeater-item-4f8d09e\" target=\"_blank\">\n\t\t\t\t\t\t<span class=\"elementor-screen-only\">Twitter<\/span>\n\t\t\t\t\t\t<svg aria-hidden=\"true\" class=\"e-font-icon-svg e-fab-twitter\" viewbox=\"0 0 512 512\" xmlns=\"http:\/\/www.w3.org\/2000\/svg\"><path d=\"M459.37 151.716c.325 4.548.325 9.097.325 13.645 0 138.72-105.583 298.558-298.558 298.558-59.452 0-114.68-17.219-161.137-47.106 8.447.974 16.568 1.299 25.34 1.299 49.055 0 94.213-16.568 130.274-44.832-46.132-.975-84.792-31.188-98.112-72.772 6.498.974 12.995 1.624 19.818 1.624 9.421 0 18.843-1.3 27.614-3.573-48.081-9.747-84.143-51.98-84.143-102.985v-1.299c13.969 7.797 30.214 12.67 47.431 13.319-28.264-18.843-46.781-51.005-46.781-87.391 0-19.492 5.197-37.36 14.294-52.954 51.655 63.675 129.3 105.258 216.365 109.807-1.624-7.797-2.599-15.918-2.599-24.04 0-57.828 46.782-104.934 104.934-104.934 30.213 0 57.502 12.67 76.67 33.137 23.715-4.548 46.456-13.32 66.599-25.34-7.798 24.366-24.366 44.833-46.132 57.827 21.117-2.273 41.584-8.122 60.426-16.243-14.292 20.791-32.161 39.308-52.628 54.253z\"><\/path><\/svg>\t\t\t\t\t<\/a>\n\t\t\t\t<\/span>\n\t\t\t\t\t\t\t<span class=\"elementor-grid-item\" role=\"listitem\">\n\t\t\t\t\t<a class=\"elementor-icon elementor-social-icon elementor-social-icon-youtube elementor-repeater-item-98a8647\" target=\"_blank\">\n\t\t\t\t\t\t<span class=\"elementor-screen-only\">YouTube<\/span>\n\t\t\t\t\t\t<svg aria-hidden=\"true\" class=\"e-font-icon-svg e-fab-youtube\" viewbox=\"0 0 576 512\" xmlns=\"http:\/\/www.w3.org\/2000\/svg\"><path d=\"M549.655 124.083c-6.281-23.65-24.787-42.276-48.284-48.597C458.781 64 288 64 288 64S117.22 64 74.629 75.486c-23.497 6.322-42.003 24.947-48.284 48.597-11.412 42.867-11.412 132.305-11.412 132.305s0 89.438 11.412 132.305c6.281 23.65 24.787 41.5 48.284 47.821C117.22 448 288 448 288 448s170.78 0 213.371-11.486c23.497-6.321 42.003-24.171 48.284-47.821 11.412-42.867 11.412-132.305 11.412-132.305s0-89.438-11.412-132.305zm-317.51 213.508V175.185l142.739 81.205-142.739 81.201z\"><\/path><\/svg>\t\t\t\t\t<\/a>\n\t\t\t\t<\/span>\n\t\t\t\t\t<\/div>\n\t\t\t\t\t\t<\/div>\n\t\t\t\t<\/div>\n\t\t\t\t\t<\/div>\n\t\t\t\t<\/div>\n\t\t<div class=\"elementor-element elementor-element-47730ffc e-con-full e-flex e-con e-parent\" data-id=\"47730ffc\" data-element_type=\"container\" data-e-type=\"container\">\n\t\t\t\t<div class=\"elementor-element elementor-element-5059c2a5 elementor-widget elementor-widget-ucaddon_justified_image_carousel\" data-id=\"5059c2a5\" data-element_type=\"widget\" data-e-type=\"widget\" data-widget_type=\"ucaddon_justified_image_carousel.default\">\n\t\t\t\t<div class=\"elementor-widget-container\">\n\t\t\t\t\t\n<!-- start Justified Image Carousel -->\n\t\t<link id='font-awesome-css' href='https:\/\/shituo.themeforest.cn\/wp-content\/plugins\/unlimited-elements-for-elementor-premium\/assets_libraries\/font-awesome6\/fontawesome-all.min.css' type='text\/css' rel='stylesheet' >\n\t\t<link id='font-awesome-4-shim-css' href='https:\/\/shituo.themeforest.cn\/wp-content\/plugins\/unlimited-elements-for-elementor-premium\/assets_libraries\/font-awesome6\/fontawesome-v4-shims.min.css' type='text\/css' rel='stylesheet' >\n\t\t<link id='owl-carousel-css' href='https:\/\/shituo.themeforest.cn\/wp-content\/plugins\/unlimited-elements-for-elementor-premium\/assets_libraries\/owl-carousel-new\/assets\/owl.carousel.css' type='text\/css' rel='stylesheet' >\n\t\t<link id='fancybox-css' href='https:\/\/shituo.themeforest.cn\/wp-content\/plugins\/unlimited-elements-for-elementor-premium\/assets_libraries\/fancybox3\/jquery.fancybox.min.css' type='text\/css' rel='stylesheet' >\n\t\t<link id='uc_ac_assets_file_swiper_css_19301-css' href='https:\/\/shituo.themeforest.cn\/wp-content\/uploads\/ac_assets\/full_width_image_carousel\/swiper.css' type='text\/css' rel='stylesheet' >\n\t\t<link id='uc_ac_assets_file_e_swiper_css_5896-css' href='https:\/\/shituo.themeforest.cn\/wp-content\/uploads\/ac_assets\/full_width_image_carousel\/e-swiper.css' type='text\/css' rel='stylesheet' >\n\t\t<link id='uc_ac_assets_file_elementor_icons_css_25995-css' href='https:\/\/shituo.themeforest.cn\/wp-content\/uploads\/ac_assets\/full_width_image_carousel\/elementor-icons.css' type='text\/css' rel='stylesheet' >\n\n<style>\/* widget: Justified Image Carousel *\/\n\n#uc_justified_image_carousel_elementor_5059c2a5{\n  min-height:1px;\n}\n\n#uc_justified_image_carousel_elementor_5059c2a5-wrapper{\n  min-height:1px;\n}\n\n#uc_justified_image_carousel_elementor_5059c2a5 img{\n  height:400px !important;\n}\n\n\n@media only screen and (max-width: 1024px) {\n  #uc_justified_image_carousel_elementor_5059c2a5 img{\n    height: !important;\n  }\n}\n\n@media only screen and (max-width: 767px) {  \n  #uc_justified_image_carousel_elementor_5059c2a5 img{\n    height: !important;\n  }\n  \n  }\n\n#uc_justified_image_carousel_elementor_5059c2a5 .ue-item{\n  overflow:hidden;\n  position:relative;\n}\n\n#uc_justified_image_carousel_elementor_5059c2a5 .item_button{\n  transition: all .3s ease;\n  display: inline-block;\n  }\n\n\n#uc_justified_image_carousel_elementor_5059c2a5 .item_subtitle{\n  transition: all .3s ease;\n  }\n\n\n#uc_justified_image_carousel_elementor_5059c2a5 .item_title{\n  transition: all .3s ease;\n      position:absolute;  \n    top:0;\n    width:100%;\n}\n\n#uc_justified_image_carousel_elementor_5059c2a5 .owl-nav .owl-prev{\n    position:absolute;\n    \/* left:0pxpx; *\/\n    display:inline-block;\n    text-align:center;\n}\n#uc_justified_image_carousel_elementor_5059c2a5 .owl-nav .owl-next{\n  position:absolute;\n  \/* right:0pxpx; *\/\n  display:inline-block;\n  text-align:center;\n}\n\n\n\n\n\n<\/style>\n\n<div id=\"uc_justified_image_carousel_elementor_5059c2a5-wrapper\">\n  <div id=\"uc_justified_image_carousel_elementor_5059c2a5\" class=\"owl-carousel owl-theme uc-items-wrapper\" data-lightbox=\"false\" data-use-elementor-lightbox=\"false\" data-constant-width=\"false\"  >\n      \n<div class=\"item ue-item\">\n  \n    \n  \t<a href=\"#\"  > \n  \t\n  \n<img decoding=\"async\"  src=\"https:\/\/shituo.themeforest.cn\/wp-content\/uploads\/ac_assets\/full_width_image_carousel\/item2.jpeg\" alt=\"Image Title\">    \n  <\/a>  \n  <div class=\"item_title\">\n    <div class=\"item_title_main\">Image Title<\/div>          <\/div>  \n<\/div>\n\n<div class=\"item ue-item\">\n  \n    \n  \t<a href=\"#\"  > \n  \t\n  \n<img decoding=\"async\"  src=\"https:\/\/shituo.themeforest.cn\/wp-content\/uploads\/ac_assets\/full_width_image_carousel\/item3.jpeg\" alt=\"Image Title\">    \n  <\/a>  \n  <div class=\"item_title\">\n    <div class=\"item_title_main\">Image Title<\/div>          <\/div>  \n<\/div>\n\n<div class=\"item ue-item\">\n  \n    \n  \t<a href=\"#\"  > \n  \t\n  \n<img decoding=\"async\"  src=\"https:\/\/shituo.themeforest.cn\/wp-content\/uploads\/ac_assets\/full_width_image_carousel\/item4.jpeg\" alt=\"Image Title\">    \n  <\/a>  \n  <div class=\"item_title\">\n    <div class=\"item_title_main\">Image Title<\/div>          <\/div>  \n<\/div>\n\n<div class=\"item ue-item\">\n  \n    \n  \t<a href=\"#\"  > \n  \t\n  \n<img decoding=\"async\"  src=\"https:\/\/shituo.themeforest.cn\/wp-content\/uploads\/ac_assets\/full_width_image_carousel\/item5.jpeg\" alt=\"Image Title\">    \n  <\/a>  \n  <div class=\"item_title\">\n    <div class=\"item_title_main\">Image Title<\/div>          <\/div>  \n<\/div>\n\n<div class=\"item ue-item\">\n  \n    \n  \t<a href=\"#\"  > \n  \t\n  \n<img decoding=\"async\"  src=\"https:\/\/shituo.themeforest.cn\/wp-content\/uploads\/ac_assets\/full_width_image_carousel\/item6.jpeg\" alt=\"Image Title\">    \n  <\/a>  \n  <div class=\"item_title\">\n    <div class=\"item_title_main\">Image Title<\/div>          <\/div>  \n<\/div>\n\n<div class=\"item ue-item\">\n  \n    \n  \t<a href=\"#\"  > \n  \t\n  \n<img decoding=\"async\"  src=\"https:\/\/shituo.themeforest.cn\/wp-content\/uploads\/ac_assets\/full_width_image_carousel\/item7.jpeg\" alt=\"Image Title\">    \n  <\/a>  \n  <div class=\"item_title\">\n    <div class=\"item_title_main\">Image Title<\/div>          <\/div>  \n<\/div>\n \n  <\/div>\n<\/div>\n<!-- end Justified Image Carousel -->\t\t\t\t<\/div>\n\t\t\t\t<\/div>\n\t\t\t\t<\/div>\n\t\t\t\t<\/div>","protected":false},"excerpt":{"rendered":"<p>Introduction The &#8220;Black Tech&#8221; of Insulation, Breaking the Limits of Physical Performance Under the extreme climate challenges of 2026, traditional insulation materials are facing unprecedented trials. However, a material known as &#8220;Solid Smoke&#8221;\u2014Nano-Aerogel\u2014is completely overturning our perception of &#8220;thermal insulation&#8221; with its infinitesimal density and extraordinary thermal resistance. As a technology-driven manufacturer equipped with modernized [&hellip;]<\/p>\n","protected":false},"author":1,"featured_media":0,"parent":0,"menu_order":0,"comment_status":"closed","ping_status":"closed","template":"elementor_header_footer","meta":{"_acf_changed":false,"footnotes":""},"class_list":["post-347","page","type-page","status-publish","hentry"],"acf":[],"_hostinger_reach_plugin_has_subscription_block":false,"_hostinger_reach_plugin_is_elementor":false,"_links":{"self":[{"href":"https:\/\/shituo.themeforest.cn\/vi\/wp-json\/wp\/v2\/pages\/347","targetHints":{"allow":["GET"]}}],"collection":[{"href":"https:\/\/shituo.themeforest.cn\/vi\/wp-json\/wp\/v2\/pages"}],"about":[{"href":"https:\/\/shituo.themeforest.cn\/vi\/wp-json\/wp\/v2\/types\/page"}],"author":[{"embeddable":true,"href":"https:\/\/shituo.themeforest.cn\/vi\/wp-json\/wp\/v2\/users\/1"}],"replies":[{"embeddable":true,"href":"https:\/\/shituo.themeforest.cn\/vi\/wp-json\/wp\/v2\/comments?post=347"}],"version-history":[{"count":25,"href":"https:\/\/shituo.themeforest.cn\/vi\/wp-json\/wp\/v2\/pages\/347\/revisions"}],"predecessor-version":[{"id":2547,"href":"https:\/\/shituo.themeforest.cn\/vi\/wp-json\/wp\/v2\/pages\/347\/revisions\/2547"}],"wp:attachment":[{"href":"https:\/\/shituo.themeforest.cn\/vi\/wp-json\/wp\/v2\/media?parent=347"}],"curies":[{"name":"wp","href":"https:\/\/api.w.org\/{rel}","templated":true}]}}